{"id":49,"date":"2024-02-20T17:46:09","date_gmt":"2024-02-20T20:46:09","guid":{"rendered":"https:\/\/anahianca.com.ar\/?post_type=product&#038;p=49"},"modified":"2024-02-20T17:47:41","modified_gmt":"2024-02-20T20:47:41","slug":"armado-de-guardarropa-para-bebes-y-ninos","status":"publish","type":"product","link":"https:\/\/anahianca.com.ar\/?product=armado-de-guardarropa-para-bebes-y-ninos","title":{"rendered":"Armado de Guardarropa para Beb\u00e9s y Ni\u00f1os"},"content":{"rendered":"<p><b>CONCEPTO: <\/b><span style=\"font-weight: 400;\">\u00a0<\/span><\/p>\n<p><span style=\"font-weight: 400;\">A\u00f1o tras a\u00f1o, la industria de la moda gana mercado en el segmento de los ni\u00f1os y los adolescentes. En muchos hogares, son \u00e9stos incluso los que marcan tendencia y demandan prendas cada vez m\u00e1s sofisticadas. Sin embargo, pocos se han especializado en este mercado creyendo err\u00f3neamente que vestir a un ni\u00f1o o un adolescente es igual a vestir a un adulto. Al mismo tiempo, los padres invierten dinero en prendas que les duran poco tiempo y son profundamente onerosas.\u00a0<\/span><\/p>\n<p><span style=\"font-weight: 400;\">Aprend\u00e9 en estas cuatro clases lo necesario para convertirte en un experto asesor de este segmento de la moda en pleno crecimiento.<\/span><\/p>\n<p>&nbsp;<\/p>\n<p><b>CONTENIDOS:\u00a0<\/b><\/p>\n<ul>\n<li style=\"font-weight: 400;\" aria-level=\"3\"><span style=\"font-weight: 400;\">An\u00e1lisis de guardarropas<\/span><\/li>\n<li style=\"font-weight: 400;\" aria-level=\"3\"><span style=\"font-weight: 400;\">An\u00e1lisis del cliente<\/span><\/li>\n<li style=\"font-weight: 400;\" aria-level=\"3\"><span style=\"font-weight: 400;\">Detecci\u00f3n de necesidades reales<\/span><\/li>\n<li style=\"font-weight: 400;\" aria-level=\"3\"><span style=\"font-weight: 400;\">Selecci\u00f3n de prendas<\/span><\/li>\n<li style=\"font-weight: 400;\" aria-level=\"3\"><span style=\"font-weight: 400;\">Armado estrat\u00e9gico de guardarropas<\/span><\/li>\n<li style=\"font-weight: 400;\" aria-level=\"3\"><span style=\"font-weight: 400;\">Doblado t\u00e9cnico de prendas \u201cantidesorden\u201d<\/span><\/li>\n<li style=\"font-weight: 400;\" aria-level=\"3\"><span style=\"font-weight: 400;\">Elementos indispensables para el guardarropa<\/span><\/li>\n<li style=\"font-weight: 400;\" aria-level=\"3\"><span style=\"font-weight: 400;\">Elementos aconsejados para el asesor de guardarropas<\/span><\/li>\n<li style=\"font-weight: 400;\" aria-level=\"3\"><span style=\"font-weight: 400;\">Pr\u00e1cticas en directo<\/span><\/li>\n<\/ul>\n","protected":false},"excerpt":{"rendered":"<p><button style=\"margin-top: 10px; background-color: #e3001b; float: left; cursor: default; color: white; border-radius: 10px; font-size: 14px; border: none; padding: 3px 10px 3px 10px;\"><span class=\"parpadea text\"><strong>Agotado<\/strong><\/span><\/button><\/p>\n<p>&nbsp;<\/p>\n<p>Duraci\u00f3n: 1 mes<br \/>\n<strong>Matricula 100% bonificada<\/strong><br \/>\n4 clases todos los lunes de 17 a 19hs.<br \/>\nClase On-Line con Docente Exclusivo<\/p>\n","protected":false},"featured_media":77,"comment_status":"closed","ping_status":"closed","template":"","meta":{"_joinchat":[]},"product_cat":[19],"product_tag":[18],"class_list":{"0":"post-49","1":"product","2":"type-product","3":"status-publish","4":"has-post-thumbnail","6":"product_cat-profesional-de-la-imagen","7":"product_tag-proximamente","9":"first","10":"outofstock","11":"virtual","12":"sold-individually","13":"product-type-simple"},"_links":{"self":[{"href":"https:\/\/anahianca.com.ar\/index.php?rest_route=\/wp\/v2\/product\/49"}],"collection":[{"href":"https:\/\/anahianca.com.ar\/index.php?rest_route=\/wp\/v2\/product"}],"about":[{"href":"https:\/\/anahianca.com.ar\/index.php?rest_route=\/wp\/v2\/types\/product"}],"replies":[{"embeddable":true,"href":"https:\/\/anahianca.com.ar\/index.php?rest_route=%2Fwp%2Fv2%2Fcomments&post=49"}],"wp:featuredmedia":[{"embeddable":true,"href":"https:\/\/anahianca.com.ar\/index.php?rest_route=\/wp\/v2\/media\/77"}],"wp:attachment":[{"href":"https:\/\/anahianca.com.ar\/index.php?rest_route=%2Fwp%2Fv2%2Fmedia&parent=49"}],"wp:term":[{"taxonomy":"product_cat","embeddable":true,"href":"https:\/\/anahianca.com.ar\/index.php?rest_route=%2Fwp%2Fv2%2Fproduct_cat&post=49"},{"taxonomy":"product_tag","embeddable":true,"href":"https:\/\/anahianca.com.ar\/index.php?rest_route=%2Fwp%2Fv2%2Fproduct_tag&post=49"}],"curies":[{"name":"wp","href":"https:\/\/api.w.org\/{rel}","templated":true}]}}