{"id":48,"date":"2024-02-20T17:46:09","date_gmt":"2024-02-20T20:46:09","guid":{"rendered":"https:\/\/anahianca.com.ar\/?post_type=product&#038;p=48"},"modified":"2024-02-21T15:54:02","modified_gmt":"2024-02-21T18:54:02","slug":"como-ser-exitoso-en-las-entrevistas","status":"publish","type":"product","link":"https:\/\/anahianca.com.ar\/?product=como-ser-exitoso-en-las-entrevistas","title":{"rendered":"C\u00f3mo ser exitoso en las entrevistas"},"content":{"rendered":"<p><b>CONCEPTO: <\/b><span style=\"font-weight: 400;\">\u00a0<\/span><\/p>\n<p><span style=\"font-weight: 400;\">S\u00ed, claro: la imagen cuenta al momento de una entrevista laboral. Saber qu\u00e9 prendas usar seg\u00fan tus propios objetivos, adecuar tu vestuario al tipo de rubro y empresa, y hacerlo tambi\u00e9n seg\u00fan el horario del d\u00eda y el ambiente de la entrevista es algo complejo que puede implicar muchas pruebas y errores. Capacitate en tips espec\u00edficos para adaptar tus looks al tipo de empleo que buscas y s\u00e9 vos qui\u00e9n se quede con esas oportunidades que se presentan.<\/span><\/p>\n<p>&nbsp;<\/p>\n<p><b>CONTENIDOS: <\/b><b><\/b><\/p>\n<ul>\n<li style=\"font-weight: 400;\" aria-level=\"3\"><span style=\"font-weight: 400;\">Protocolo en la entrevista laboral<\/span><\/li>\n<li style=\"font-weight: 400;\" aria-level=\"3\"><span style=\"font-weight: 400;\">Tipos de prendas que comunican seguridad<\/span><\/li>\n<li style=\"font-weight: 400;\" aria-level=\"3\"><span style=\"font-weight: 400;\">Psicolog\u00eda del color y cuales son los colores adecuados para la vida laboral<\/span><\/li>\n<li style=\"font-weight: 400;\" aria-level=\"3\"><span style=\"font-weight: 400;\">Selecci\u00f3n de prendas<\/span><\/li>\n<li style=\"font-weight: 400;\" aria-level=\"3\"><span style=\"font-weight: 400;\">Armado estrat\u00e9gico del look\u00a0<\/span><\/li>\n<li style=\"font-weight: 400;\" aria-level=\"3\"><span style=\"font-weight: 400;\">Maquillaje y peinados adecuados para la entrevista laboral<\/span><\/li>\n<li style=\"font-weight: 400;\" aria-level=\"3\"><span style=\"font-weight: 400;\">Tipos de accesorios y carteras<\/span><\/li>\n<li style=\"font-weight: 400;\" aria-level=\"3\"><span style=\"font-weight: 400;\">Pr\u00e1cticas en directo<\/span><\/li>\n<\/ul>\n","protected":false},"excerpt":{"rendered":"<p><button style=\"float: right; cursor: default; margin-top: -20px; color: #ffffff; border: 0; background-color: #ff7b00; border-radius: 10px; font-size: 14px; padding: 3px 10px 3px 10px;\"><b>Pr\u00f3ximamente<\/b><\/button><br \/>\nDuraci\u00f3n: 1 mes<br \/>\n<strong>Matricula 100% bonificada<\/strong><br \/>\n4 clases<br \/>\nCurso Online<\/p>\n","protected":false},"featured_media":76,"comment_status":"closed","ping_status":"closed","template":"","meta":{"_joinchat":[]},"product_cat":[19],"product_tag":[18],"class_list":{"0":"post-48","1":"product","2":"type-product","3":"status-publish","4":"has-post-thumbnail","6":"product_cat-profesional-de-la-imagen","7":"product_tag-proximamente","9":"first","10":"outofstock","11":"virtual","12":"sold-individually","13":"product-type-simple"},"_links":{"self":[{"href":"https:\/\/anahianca.com.ar\/index.php?rest_route=\/wp\/v2\/product\/48"}],"collection":[{"href":"https:\/\/anahianca.com.ar\/index.php?rest_route=\/wp\/v2\/product"}],"about":[{"href":"https:\/\/anahianca.com.ar\/index.php?rest_route=\/wp\/v2\/types\/product"}],"replies":[{"embeddable":true,"href":"https:\/\/anahianca.com.ar\/index.php?rest_route=%2Fwp%2Fv2%2Fcomments&post=48"}],"wp:featuredmedia":[{"embeddable":true,"href":"https:\/\/anahianca.com.ar\/index.php?rest_route=\/wp\/v2\/media\/76"}],"wp:attachment":[{"href":"https:\/\/anahianca.com.ar\/index.php?rest_route=%2Fwp%2Fv2%2Fmedia&parent=48"}],"wp:term":[{"taxonomy":"product_cat","embeddable":true,"href":"https:\/\/anahianca.com.ar\/index.php?rest_route=%2Fwp%2Fv2%2Fproduct_cat&post=48"},{"taxonomy":"product_tag","embeddable":true,"href":"https:\/\/anahianca.com.ar\/index.php?rest_route=%2Fwp%2Fv2%2Fproduct_tag&post=48"}],"curies":[{"name":"wp","href":"https:\/\/api.w.org\/{rel}","templated":true}]}}