{"id":47,"date":"2024-02-20T17:46:09","date_gmt":"2024-02-20T20:46:09","guid":{"rendered":"https:\/\/anahianca.com.ar\/?post_type=product&#038;p=47"},"modified":"2024-02-21T15:54:14","modified_gmt":"2024-02-21T18:54:14","slug":"direccion-integral-de-modelos-en-pasarela","status":"publish","type":"product","link":"https:\/\/anahianca.com.ar\/?product=direccion-integral-de-modelos-en-pasarela","title":{"rendered":"DIRECCI\u00d3N INTEGRAL DE MODELOS EN PASARELA"},"content":{"rendered":"<p><b>CONCEPTO: <\/b><span style=\"font-weight: 400;\">\u00a0<\/span><\/p>\n<p><span style=\"font-weight: 400;\">Un desfile o fashion show implica la convergencia de m\u00faltiples rubros: iluminaci\u00f3n, vestuaristas, maquilladores, fot\u00f3grafos y, por supuesto, modelos. Sin embargo, pocos profesionales saben c\u00f3mo realmente coordinar a los verdaderos protagonistas. Indicarles c\u00f3mo caminar, sugerirles c\u00f3mo lucir las prendas y transmitirles la visi\u00f3n total del evento, suele ser algo complejo que, cuando falla, produce resultados est\u00e9ticos por debajo de los objetivos que se buscan. Entrenate en el lenguaje de la conducci\u00f3n de modelos, aprend\u00e9 a conducirlos y transmitirles tu visi\u00f3n para que cada evento sea esa obra de arte que tenes en tu mente.<\/span><\/p>\n<p>&nbsp;<\/p>\n<p><b>CONTENIDOS:\u00a0<\/b><\/p>\n<ul>\n<li style=\"font-weight: 400;\" aria-level=\"3\"><span style=\"font-weight: 400;\">Direcci\u00f3n de modelos en pasarela<\/span><\/li>\n<li style=\"font-weight: 400;\" aria-level=\"3\"><span style=\"font-weight: 400;\">Postura y caminata del modelo<\/span><\/li>\n<li style=\"font-weight: 400;\" aria-level=\"3\"><span style=\"font-weight: 400;\">Distintos tipos de pasarela nacionales e internacionales<\/span><\/li>\n<li style=\"font-weight: 400;\" aria-level=\"3\">Coreograf\u00eda en pasarela<\/li>\n<\/ul>\n","protected":false},"excerpt":{"rendered":"<p><button style=\"float: right; cursor: default ;margin-top: -20px; color: #ffffff; border: 0; background-color: rgb(255, 123, 0); padding-top: 3px; padding-bottom: 3px; padding-left: 10px; padding-right: 10px ; border-radius: 10px; font-size: 14px;\"><b>Pr\u00f3ximamente<\/b><\/button><br \/>\nDuraci\u00f3n: 1 mes<br \/>\n<strong>Matricula 100% bonificada<\/strong><br \/>\n4 clases<br \/>\nCurso Online<\/p>\n","protected":false},"featured_media":75,"comment_status":"closed","ping_status":"closed","template":"","meta":{"_joinchat":[]},"product_cat":[20],"product_tag":[18],"class_list":{"0":"post-47","1":"product","2":"type-product","3":"status-publish","4":"has-post-thumbnail","6":"product_cat-direccion-de-modelos","7":"product_tag-proximamente","9":"first","10":"outofstock","11":"virtual","12":"sold-individually","13":"product-type-simple"},"_links":{"self":[{"href":"https:\/\/anahianca.com.ar\/index.php?rest_route=\/wp\/v2\/product\/47"}],"collection":[{"href":"https:\/\/anahianca.com.ar\/index.php?rest_route=\/wp\/v2\/product"}],"about":[{"href":"https:\/\/anahianca.com.ar\/index.php?rest_route=\/wp\/v2\/types\/product"}],"replies":[{"embeddable":true,"href":"https:\/\/anahianca.com.ar\/index.php?rest_route=%2Fwp%2Fv2%2Fcomments&post=47"}],"wp:featuredmedia":[{"embeddable":true,"href":"https:\/\/anahianca.com.ar\/index.php?rest_route=\/wp\/v2\/media\/75"}],"wp:attachment":[{"href":"https:\/\/anahianca.com.ar\/index.php?rest_route=%2Fwp%2Fv2%2Fmedia&parent=47"}],"wp:term":[{"taxonomy":"product_cat","embeddable":true,"href":"https:\/\/anahianca.com.ar\/index.php?rest_route=%2Fwp%2Fv2%2Fproduct_cat&post=47"},{"taxonomy":"product_tag","embeddable":true,"href":"https:\/\/anahianca.com.ar\/index.php?rest_route=%2Fwp%2Fv2%2Fproduct_tag&post=47"}],"curies":[{"name":"wp","href":"https:\/\/api.w.org\/{rel}","templated":true}]}}