{"id":44,"date":"2024-02-20T17:46:09","date_gmt":"2024-02-20T20:46:09","guid":{"rendered":"https:\/\/anahianca.com.ar\/?post_type=product&#038;p=44"},"modified":"2024-02-21T15:53:51","modified_gmt":"2024-02-21T18:53:51","slug":"tipologias-de-prendas-masculinas","status":"publish","type":"product","link":"https:\/\/anahianca.com.ar\/?product=tipologias-de-prendas-masculinas","title":{"rendered":"TIPOLOGIAS DE PRENDAS MASCULINAS"},"content":{"rendered":"<p><b>CONCEPTO: <\/b><span style=\"font-weight: 400;\">\u00a0<\/span><\/p>\n<p><span style=\"font-weight: 400;\">El mercado de la moda masculina es uno de los que han mostrado mayor crecimiento en las \u00faltimas d\u00e9cadas. Los hombres ya no se conforman con \u201clo cl\u00e1sico\u201d y buscan tambi\u00e9n ser parte de las tendencias de moda. Sin embargo, pocos se especializan en acompa\u00f1arlos en su b\u00fasqueda personal, dejando enormes cuotas de mercado vacantes. Volvete un especialista en prendas masculinas en 4 clases y sal\u00ed a buscar esos clientes que ya te est\u00e1n esperando.<\/span><\/p>\n<p>&nbsp;<\/p>\n<p><b>CONTENIDOS: <\/b><b><br \/>\n<\/b><b>\u00a0<\/b><\/p>\n<ul>\n<li style=\"font-weight: 400;\" aria-level=\"3\"><span style=\"font-weight: 400;\">Nomenclatura t\u00e9cnica de prendas masculinas<\/span><\/li>\n<li style=\"font-weight: 400;\" aria-level=\"3\"><span style=\"font-weight: 400;\">Distintos estilos de textiles y su uso seg\u00fan protocolo<\/span><\/li>\n<li style=\"font-weight: 400;\" aria-level=\"3\"><span style=\"font-weight: 400;\">Sastrer\u00eda y sus distintos elementos<\/span><\/li>\n<li style=\"font-weight: 400;\" aria-level=\"3\"><span style=\"font-weight: 400;\">Ajustes en sastrer\u00eda masculina<\/span><\/li>\n<li style=\"font-weight: 400;\" aria-level=\"3\">Tipos de calzado y accesorios<\/li>\n<\/ul>\n","protected":false},"excerpt":{"rendered":"<p><button style=\"float: right; cursor: default ;margin-top: -20px; color: #ffffff; border: 0; background-color: rgb(255, 123, 0); padding-top: 3px; padding-bottom: 3px; padding-left: 10px; padding-right: 10px ; border-radius: 10px; font-size: 14px;\"><b>Pr\u00f3ximamente<\/b><\/button><br \/>\nDuraci\u00f3n: 1 mes<br \/>\n<strong>Matricula 100% bonificada<\/strong><br \/>\n4 clases<br \/>\nCurso Online<\/p>\n","protected":false},"featured_media":72,"comment_status":"closed","ping_status":"closed","template":"","meta":{"_joinchat":[]},"product_cat":[19],"product_tag":[18],"class_list":{"0":"post-44","1":"product","2":"type-product","3":"status-publish","4":"has-post-thumbnail","6":"product_cat-profesional-de-la-imagen","7":"product_tag-proximamente","9":"first","10":"outofstock","11":"virtual","12":"sold-individually","13":"product-type-simple"},"_links":{"self":[{"href":"https:\/\/anahianca.com.ar\/index.php?rest_route=\/wp\/v2\/product\/44"}],"collection":[{"href":"https:\/\/anahianca.com.ar\/index.php?rest_route=\/wp\/v2\/product"}],"about":[{"href":"https:\/\/anahianca.com.ar\/index.php?rest_route=\/wp\/v2\/types\/product"}],"replies":[{"embeddable":true,"href":"https:\/\/anahianca.com.ar\/index.php?rest_route=%2Fwp%2Fv2%2Fcomments&post=44"}],"wp:featuredmedia":[{"embeddable":true,"href":"https:\/\/anahianca.com.ar\/index.php?rest_route=\/wp\/v2\/media\/72"}],"wp:attachment":[{"href":"https:\/\/anahianca.com.ar\/index.php?rest_route=%2Fwp%2Fv2%2Fmedia&parent=44"}],"wp:term":[{"taxonomy":"product_cat","embeddable":true,"href":"https:\/\/anahianca.com.ar\/index.php?rest_route=%2Fwp%2Fv2%2Fproduct_cat&post=44"},{"taxonomy":"product_tag","embeddable":true,"href":"https:\/\/anahianca.com.ar\/index.php?rest_route=%2Fwp%2Fv2%2Fproduct_tag&post=44"}],"curies":[{"name":"wp","href":"https:\/\/api.w.org\/{rel}","templated":true}]}}