{"id":38,"date":"2024-02-20T17:46:09","date_gmt":"2024-02-20T20:46:09","guid":{"rendered":"https:\/\/anahianca.com.ar\/?post_type=product&#038;p=38"},"modified":"2024-02-21T15:53:37","modified_gmt":"2024-02-21T18:53:37","slug":"psicologia-del-color-y-armonia-cromatica","status":"publish","type":"product","link":"https:\/\/anahianca.com.ar\/?product=psicologia-del-color-y-armonia-cromatica","title":{"rendered":"Psicolog\u00eda del color y armon\u00eda crom\u00e1tica"},"content":{"rendered":"<p><b>CONCEPTO: <\/b><\/p>\n<p style=\"font-weight: 400; text-align: justify;\">Los colores impactan en nuestro entorno transmitiendo sensaciones, favoreciendo o inhibiendo emociones y modificando nuestros estados de \u00e1nimo. Entender el efecto de los colores y sus combinaciones resulta fundamental tanto al momento de vestirnos como de decorar nuestros ambientes y emprendimientos. Aprend\u00e9 a dominar esta disciplina en 8 clases y llen\u00e1 tu vida de color.<\/p>\n<p><b>CONTENIDOS:\u00a0<\/b><\/p>\n<ul>\n<li style=\"font-weight: 400;\" aria-level=\"3\"><span style=\"font-weight: 400;\">Que provoca cada color en nuestra psiquis<\/span><\/li>\n<li style=\"font-weight: 400;\" aria-level=\"3\"><span style=\"font-weight: 400;\">Utilizaci\u00f3n estrat\u00e9gica del color para distintas situaciones<\/span><\/li>\n<li style=\"font-weight: 400;\" aria-level=\"3\"><span style=\"font-weight: 400;\">C\u00f3mo lograr armon\u00eda crom\u00e1tica o como combinar colores adecuadamente<\/span><\/li>\n<li style=\"font-weight: 400;\" aria-level=\"3\"><span style=\"font-weight: 400;\">Que provocan en nuestra psiquis las distintas formas de combinar colores<\/span><\/li>\n<li style=\"font-weight: 400;\" aria-level=\"3\"><span style=\"font-weight: 400;\">Pr\u00e1cticas en directo<\/span><\/li>\n<\/ul>\n","protected":false},"excerpt":{"rendered":"<p><button style=\"float: right; cursor: default ;margin-top: -20px; color: #ffffff; border: 0; background-color: rgb(255, 123, 0); padding-top: 3px; padding-bottom: 3px; padding-left: 10px; padding-right: 10px ; border-radius: 10px; font-size: 14px;\"><b>Pr\u00f3ximamente<\/b><\/button><br \/>\nDuraci\u00f3n 2 meses<br \/>\n<strong>Matricula 100% bonificada<\/strong><br \/>\n8 clases<br \/>\nCurso Online<\/p>\n","protected":false},"featured_media":66,"comment_status":"closed","ping_status":"closed","template":"","meta":{"_joinchat":[]},"product_cat":[19],"product_tag":[18],"class_list":{"0":"post-38","1":"product","2":"type-product","3":"status-publish","4":"has-post-thumbnail","6":"product_cat-profesional-de-la-imagen","7":"product_tag-proximamente","9":"first","10":"outofstock","11":"virtual","12":"sold-individually","13":"product-type-simple"},"_links":{"self":[{"href":"https:\/\/anahianca.com.ar\/index.php?rest_route=\/wp\/v2\/product\/38"}],"collection":[{"href":"https:\/\/anahianca.com.ar\/index.php?rest_route=\/wp\/v2\/product"}],"about":[{"href":"https:\/\/anahianca.com.ar\/index.php?rest_route=\/wp\/v2\/types\/product"}],"replies":[{"embeddable":true,"href":"https:\/\/anahianca.com.ar\/index.php?rest_route=%2Fwp%2Fv2%2Fcomments&post=38"}],"wp:featuredmedia":[{"embeddable":true,"href":"https:\/\/anahianca.com.ar\/index.php?rest_route=\/wp\/v2\/media\/66"}],"wp:attachment":[{"href":"https:\/\/anahianca.com.ar\/index.php?rest_route=%2Fwp%2Fv2%2Fmedia&parent=38"}],"wp:term":[{"taxonomy":"product_cat","embeddable":true,"href":"https:\/\/anahianca.com.ar\/index.php?rest_route=%2Fwp%2Fv2%2Fproduct_cat&post=38"},{"taxonomy":"product_tag","embeddable":true,"href":"https:\/\/anahianca.com.ar\/index.php?rest_route=%2Fwp%2Fv2%2Fproduct_tag&post=38"}],"curies":[{"name":"wp","href":"https:\/\/api.w.org\/{rel}","templated":true}]}}