{"id":35,"date":"2024-02-20T17:46:09","date_gmt":"2024-02-20T20:46:09","guid":{"rendered":"https:\/\/anahianca.com.ar\/?post_type=product&#038;p=35"},"modified":"2024-02-21T15:53:33","modified_gmt":"2024-02-21T18:53:33","slug":"adaptacion-estilistica-a-la-morfologia-facial","status":"publish","type":"product","link":"https:\/\/anahianca.com.ar\/?product=adaptacion-estilistica-a-la-morfologia-facial","title":{"rendered":"ADAPTACI\u00d3N ESTIL\u00cdSTICA A LA MORFOLOG\u00cdA FACIAL"},"content":{"rendered":"<p><b>CONCEPTO: <\/b><\/p>\n<p><span style=\"font-weight: 400;\">El rostro es nuestra marca m\u00e1s distintiva. Aquello que solemos observar primero en los dem\u00e1s y lo que aquellos otros observan en nosotros. El rostro nos distingue, nos hace \u00fanicos e irrepetibles. Aprend\u00e9 a resaltar los atributos del rostro y a dotarlo intelig\u00e9ntemente, a traves del maquillaje y el estilismo, de las caracter\u00edsticas que necesites transmitir, vos o tu cliente, en cada ocasi\u00f3n.<\/span><\/p>\n<p>&nbsp;<\/p>\n<p><b>CONTENIDOS:\u00a0<\/b><b><\/b><\/p>\n<ul>\n<li style=\"font-weight: 400;\" aria-level=\"3\"><span style=\"font-weight: 400;\">Distintas morfolog\u00edas faciales (unisex)<\/span><\/li>\n<li style=\"font-weight: 400;\" aria-level=\"3\"><span style=\"font-weight: 400;\">Anal\u00edtica del rostro<\/span><\/li>\n<li style=\"font-weight: 400;\" aria-level=\"3\"><span style=\"font-weight: 400;\">Visagismo<\/span><\/li>\n<li style=\"font-weight: 400;\" aria-level=\"3\"><span style=\"font-weight: 400;\">Reconocimiento de que provocan psicol\u00f3gicamente en quienes nos observan<\/span><\/li>\n<li style=\"font-weight: 400;\" aria-level=\"3\"><span style=\"font-weight: 400;\">Accesorios y su relaci\u00f3n con el rostro (gafas, joyer\u00eda, sombreros)<\/span><\/li>\n<li style=\"font-weight: 400;\" aria-level=\"3\"><span style=\"font-weight: 400;\">Cortes de cabello adecuados a cada morfolog\u00eda<\/span><\/li>\n<li style=\"font-weight: 400;\" aria-level=\"3\"><span style=\"font-weight: 400;\">Maquillaje\u00a0<\/span><\/li>\n<li style=\"font-weight: 400;\" aria-level=\"3\"><span style=\"font-weight: 400;\">Barberia para cada tipo de rostro<\/span><\/li>\n<li style=\"font-weight: 400;\" aria-level=\"3\"><span style=\"font-weight: 400;\">Pr\u00e1cticas en directo<\/span><\/li>\n<\/ul>\n","protected":false},"excerpt":{"rendered":"<p><button style=\"float: right; cursor: default ;margin-top: -20px; color: #ffffff; border: 0; background-color: rgb(255, 123, 0); padding-top: 3px; padding-bottom: 3px; padding-left: 10px; padding-right: 10px ; border-radius: 10px; font-size: 14px;\"><b>Pr\u00f3ximamente<\/b><\/button><br \/>\nDuraci\u00f3n: 2 meses<br \/>\n<strong>Matricula 100% bonificada<\/strong><br \/>\n8 clases<br \/>\nCurso Online<\/p>\n","protected":false},"featured_media":63,"comment_status":"closed","ping_status":"closed","template":"","meta":{"_joinchat":[]},"product_cat":[19],"product_tag":[18],"class_list":{"0":"post-35","1":"product","2":"type-product","3":"status-publish","4":"has-post-thumbnail","6":"product_cat-profesional-de-la-imagen","7":"product_tag-proximamente","9":"first","10":"outofstock","11":"virtual","12":"sold-individually","13":"product-type-simple"},"_links":{"self":[{"href":"https:\/\/anahianca.com.ar\/index.php?rest_route=\/wp\/v2\/product\/35"}],"collection":[{"href":"https:\/\/anahianca.com.ar\/index.php?rest_route=\/wp\/v2\/product"}],"about":[{"href":"https:\/\/anahianca.com.ar\/index.php?rest_route=\/wp\/v2\/types\/product"}],"replies":[{"embeddable":true,"href":"https:\/\/anahianca.com.ar\/index.php?rest_route=%2Fwp%2Fv2%2Fcomments&post=35"}],"wp:featuredmedia":[{"embeddable":true,"href":"https:\/\/anahianca.com.ar\/index.php?rest_route=\/wp\/v2\/media\/63"}],"wp:attachment":[{"href":"https:\/\/anahianca.com.ar\/index.php?rest_route=%2Fwp%2Fv2%2Fmedia&parent=35"}],"wp:term":[{"taxonomy":"product_cat","embeddable":true,"href":"https:\/\/anahianca.com.ar\/index.php?rest_route=%2Fwp%2Fv2%2Fproduct_cat&post=35"},{"taxonomy":"product_tag","embeddable":true,"href":"https:\/\/anahianca.com.ar\/index.php?rest_route=%2Fwp%2Fv2%2Fproduct_tag&post=35"}],"curies":[{"name":"wp","href":"https:\/\/api.w.org\/{rel}","templated":true}]}}