{"id":34,"date":"2024-02-20T17:46:09","date_gmt":"2024-02-20T20:46:09","guid":{"rendered":"https:\/\/anahianca.com.ar\/?post_type=product&#038;p=34"},"modified":"2024-02-21T15:53:28","modified_gmt":"2024-02-21T18:53:28","slug":"vestuario-y-morfologia-corporal","status":"publish","type":"product","link":"https:\/\/anahianca.com.ar\/?product=vestuario-y-morfologia-corporal","title":{"rendered":"VESTUARIO Y MORFOLOG\u00cdA CORPORAL"},"content":{"rendered":"<p><b>CONCEPTO: <\/b><\/p>\n<p><span style=\"font-weight: 400;\">Cada uno de nosotros es \u00fanico. Por tanto, resaltar nuestros atributos personales y aprovecharlos implica aprender a conocernos, aceptarnos y dotarnos de las prendas correctas para comunicar efectivamente a los dem\u00e1s aquello que querramos. En estas 8 clases vas a aprender a entrenar tu mirada en base a estos tips, ya sea para ayudar a otros en su camino personal o para potenciar el tuyo propio.<\/span><\/p>\n<p>&nbsp;<\/p>\n<p><b>CONTENIDOS:<\/b><b><br \/>\n<\/b><\/p>\n<ul>\n<li style=\"font-weight: 400;\" aria-level=\"3\"><span style=\"font-weight: 400;\">Tipos de morfolog\u00edas corporales femeninas y masculinas y como sacar el mejor provecho de los atributos de cada una de ellas<\/span><\/li>\n<li style=\"font-weight: 400;\" aria-level=\"3\"><span style=\"font-weight: 400;\">Distintos efectos \u00f3pticos para generar diversidad de siluetas<\/span><\/li>\n<li style=\"font-weight: 400;\" aria-level=\"3\"><span style=\"font-weight: 400;\">Psicolog\u00eda de las formas y qu\u00e9 sensaci\u00f3n le provocamos a los otros a trav\u00e9s de aquello que elegimos vestir<\/span><\/li>\n<li style=\"font-weight: 400;\" aria-level=\"3\"><span style=\"font-weight: 400;\">Tipolog\u00edas de prendas y su relaci\u00f3n con cada cuerpo<\/span><\/li>\n<li style=\"font-weight: 400;\" aria-level=\"3\"><span style=\"font-weight: 400;\">Pr\u00e1cticas en directo<\/span><\/li>\n<\/ul>\n","protected":false},"excerpt":{"rendered":"<p><button style=\"float: right; cursor: default ;margin-top: -20px; color: #ffffff; border: 0; background-color: rgb(255, 123, 0); padding-top: 3px; padding-bottom: 3px; padding-left: 10px; padding-right: 10px ; border-radius: 10px; font-size: 14px;\"><b>Pr\u00f3ximamente<\/b><\/button><br \/>\nDuraci\u00f3n: 2 meses<br \/>\n<strong>Matricula 100% bonificada<\/strong><br \/>\n8 clases<br \/>\nCurso Online<\/p>\n","protected":false},"featured_media":62,"comment_status":"closed","ping_status":"closed","template":"","meta":{"_joinchat":[]},"product_cat":[19],"product_tag":[18],"class_list":{"0":"post-34","1":"product","2":"type-product","3":"status-publish","4":"has-post-thumbnail","6":"product_cat-profesional-de-la-imagen","7":"product_tag-proximamente","9":"first","10":"outofstock","11":"virtual","12":"sold-individually","13":"product-type-simple"},"_links":{"self":[{"href":"https:\/\/anahianca.com.ar\/index.php?rest_route=\/wp\/v2\/product\/34"}],"collection":[{"href":"https:\/\/anahianca.com.ar\/index.php?rest_route=\/wp\/v2\/product"}],"about":[{"href":"https:\/\/anahianca.com.ar\/index.php?rest_route=\/wp\/v2\/types\/product"}],"replies":[{"embeddable":true,"href":"https:\/\/anahianca.com.ar\/index.php?rest_route=%2Fwp%2Fv2%2Fcomments&post=34"}],"wp:featuredmedia":[{"embeddable":true,"href":"https:\/\/anahianca.com.ar\/index.php?rest_route=\/wp\/v2\/media\/62"}],"wp:attachment":[{"href":"https:\/\/anahianca.com.ar\/index.php?rest_route=%2Fwp%2Fv2%2Fmedia&parent=34"}],"wp:term":[{"taxonomy":"product_cat","embeddable":true,"href":"https:\/\/anahianca.com.ar\/index.php?rest_route=%2Fwp%2Fv2%2Fproduct_cat&post=34"},{"taxonomy":"product_tag","embeddable":true,"href":"https:\/\/anahianca.com.ar\/index.php?rest_route=%2Fwp%2Fv2%2Fproduct_tag&post=34"}],"curies":[{"name":"wp","href":"https:\/\/api.w.org\/{rel}","templated":true}]}}