{"id":32,"date":"2024-02-20T17:46:09","date_gmt":"2024-02-20T20:46:09","guid":{"rendered":"https:\/\/anahianca.com.ar\/?post_type=product&#038;p=32"},"modified":"2024-02-21T15:53:42","modified_gmt":"2024-02-21T18:53:42","slug":"historia-de-la-moda-decadas","status":"publish","type":"product","link":"https:\/\/anahianca.com.ar\/?product=historia-de-la-moda-decadas","title":{"rendered":"HIST\u00d3RIA DE LA MODA &#8211; D\u00c9CADAS"},"content":{"rendered":"<p><b>CONCEPTO:<\/b><\/p>\n<p><b> <\/b><span style=\"font-weight: 400;\">La historia es ese reservorio de saber necesario para entender el ayer, pero tambi\u00e9n para interpretar el hoy y predecir el ma\u00f1ana. Poder deducir y analizar qu\u00e9 es lo cl\u00e1sico dentro de lo nuevo, asesorar a nuestros clientes o incluso guiarnos a nosotros mismos a trav\u00e9s de las tendencias, implica conocer el origen de \u00e9stas.\u00a0<\/span><\/p>\n<p><span style=\"font-weight: 400;\">En estas 8 clases vas a conocer d\u00e9cada por d\u00e9cada como fue evolucionando la moda y qu\u00e9 impactos ha tenido no solo para este mundo en particular, sino tambi\u00e9n para la pol\u00edtica y la sociedad.<\/span><\/p>\n<p>&nbsp;<\/p>\n<p><b>CONTENIDOS:\u00a0<\/b><\/p>\n<ul>\n<li style=\"font-weight: 400;\" aria-level=\"2\"><span style=\"font-weight: 400;\">Historia moderna y contempor\u00e1nea de la moda<\/span><\/li>\n<li style=\"font-weight: 400;\" aria-level=\"2\"><span style=\"font-weight: 400;\">Abordaje desde la Belle Epoque hasta la actualidad<\/span><\/li>\n<li style=\"font-weight: 400;\" aria-level=\"2\"><span style=\"font-weight: 400;\">Hitos y cambios en la est\u00e9tica mundial<\/span><\/li>\n<li style=\"font-weight: 400;\" aria-level=\"2\"><span style=\"font-weight: 400;\">Reconocimiento de causas<\/span><\/li>\n<li style=\"font-weight: 400;\" aria-level=\"2\"><span style=\"font-weight: 400;\">Iconos a trav\u00e9s de la historia<\/span><\/li>\n<li style=\"font-weight: 400;\" aria-level=\"2\"><span style=\"font-weight: 400;\">Tipolog\u00edas de vestuario, reconocimiento de textiles y nomenclatura t\u00e9cnica de los mismos.<\/span><\/li>\n<\/ul>\n","protected":false},"excerpt":{"rendered":"<p><button style=\"float: right; cursor: default ;margin-top: -20px; color: #ffffff; border: 0; background-color: rgb(255, 123, 0); padding-top: 3px; padding-bottom: 3px; padding-left: 10px; padding-right: 10px ; border-radius: 10px; font-size: 14px;\"><b>Pr\u00f3ximamente<\/b><\/button><br \/>\nDuraci\u00f3n: 2 meses<br \/>\n<strong>Matricula 100% bonificada<\/strong><br \/>\n8 clases<br \/>\nCurso Online<\/p>\n","protected":false},"featured_media":60,"comment_status":"closed","ping_status":"closed","template":"","meta":{"_joinchat":[]},"product_cat":[19],"product_tag":[18],"class_list":{"0":"post-32","1":"product","2":"type-product","3":"status-publish","4":"has-post-thumbnail","6":"product_cat-profesional-de-la-imagen","7":"product_tag-proximamente","9":"first","10":"outofstock","11":"virtual","12":"sold-individually","13":"product-type-simple"},"_links":{"self":[{"href":"https:\/\/anahianca.com.ar\/index.php?rest_route=\/wp\/v2\/product\/32"}],"collection":[{"href":"https:\/\/anahianca.com.ar\/index.php?rest_route=\/wp\/v2\/product"}],"about":[{"href":"https:\/\/anahianca.com.ar\/index.php?rest_route=\/wp\/v2\/types\/product"}],"replies":[{"embeddable":true,"href":"https:\/\/anahianca.com.ar\/index.php?rest_route=%2Fwp%2Fv2%2Fcomments&post=32"}],"wp:featuredmedia":[{"embeddable":true,"href":"https:\/\/anahianca.com.ar\/index.php?rest_route=\/wp\/v2\/media\/60"}],"wp:attachment":[{"href":"https:\/\/anahianca.com.ar\/index.php?rest_route=%2Fwp%2Fv2%2Fmedia&parent=32"}],"wp:term":[{"taxonomy":"product_cat","embeddable":true,"href":"https:\/\/anahianca.com.ar\/index.php?rest_route=%2Fwp%2Fv2%2Fproduct_cat&post=32"},{"taxonomy":"product_tag","embeddable":true,"href":"https:\/\/anahianca.com.ar\/index.php?rest_route=%2Fwp%2Fv2%2Fproduct_tag&post=32"}],"curies":[{"name":"wp","href":"https:\/\/api.w.org\/{rel}","templated":true}]}}