{"id":31,"date":"2024-02-20T17:46:08","date_gmt":"2024-02-20T20:46:08","guid":{"rendered":"https:\/\/anahianca.com.ar\/?post_type=product&#038;p=31"},"modified":"2024-02-20T17:46:36","modified_gmt":"2024-02-20T20:46:36","slug":"historia-de-la-moda-periodos","status":"publish","type":"product","link":"https:\/\/anahianca.com.ar\/?product=historia-de-la-moda-periodos","title":{"rendered":"HISTORIA DE LA MODA &#8211; PERIODOS"},"content":{"rendered":"<p><b>CONCEPTO: <\/b><\/p>\n<p><span style=\"font-weight: 400;\">La historia es ese reservorio de saber necesario para entender el ayer, pero tambi\u00e9n para interpretar el hoy y predecir el ma\u00f1ana. Poder deducir y analizar qu\u00e9 es lo cl\u00e1sico dentro de lo nuevo, asesorar a nuestros clientes o incluso guiarnos a nosotros mismos a trav\u00e9s de las tendencias, implica conocer el origen de \u00e9stas. En estas 8 clases te vas a divertir conociendo detalles de c\u00f3mo cada per\u00edodo ha revolucionado la moda y qu\u00e9 impacto ha tenido esto para la humanidad.<\/span><\/p>\n<p>&nbsp;<\/p>\n<p><b>CONTENIDOS: <\/b><b><\/b><\/p>\n<ul>\n<li style=\"font-weight: 400;\" aria-level=\"4\"><span style=\"font-weight: 400;\">Historia antigua y media moderna de la moda<\/span><\/li>\n<li style=\"font-weight: 400;\" aria-level=\"4\"><span style=\"font-weight: 400;\">Abordaje desde periodo Prehist\u00f3rico hasta periodo Victoriano<\/span><\/li>\n<li style=\"font-weight: 400;\" aria-level=\"4\"><span style=\"font-weight: 400;\">Hitos y cambios en la est\u00e9tica mundial<\/span><\/li>\n<li style=\"font-weight: 400;\" aria-level=\"4\"><span style=\"font-weight: 400;\">Reconocimiento de causas<\/span><\/li>\n<li style=\"font-weight: 400;\" aria-level=\"4\"><span style=\"font-weight: 400;\">Iconos a trav\u00e9s de la historia<\/span><\/li>\n<li style=\"font-weight: 400;\" aria-level=\"4\"><span style=\"font-weight: 400;\">Tipolog\u00edas de vestuario, reconocimiento de textiles y nomenclatura t\u00e9cnica de los mismos.<\/span><\/li>\n<\/ul>\n","protected":false},"excerpt":{"rendered":"<p><button style=\"margin-top: 0px; background-color: #12d800; float: left; cursor: default; color: white; border-radius: 10px; font-size: 14px; border: none; padding: 3px 10px 3px 10px;\"><span class=\"parpadea text\"><strong>Curso en Vivo y Directo<\/strong><\/span><\/button><\/p>\n<p>&nbsp;<\/p>\n<p>Duraci\u00f3n: 1 mes y 1 semana<br \/>\n<b>Matr\u00edcula 100% bonificada<\/b><br \/>\n5 clases todos los lunes de 18 a 20 hs.<br \/>\nClase On-Line con Docente Exclusivo<\/p>\n","protected":false},"featured_media":59,"comment_status":"closed","ping_status":"closed","template":"","meta":{"_joinchat":[]},"product_cat":[19],"product_tag":[18],"class_list":{"0":"post-31","1":"product","2":"type-product","3":"status-publish","4":"has-post-thumbnail","6":"product_cat-profesional-de-la-imagen","7":"product_tag-proximamente","9":"first","10":"outofstock","11":"virtual","12":"sold-individually","13":"product-type-simple"},"_links":{"self":[{"href":"https:\/\/anahianca.com.ar\/index.php?rest_route=\/wp\/v2\/product\/31"}],"collection":[{"href":"https:\/\/anahianca.com.ar\/index.php?rest_route=\/wp\/v2\/product"}],"about":[{"href":"https:\/\/anahianca.com.ar\/index.php?rest_route=\/wp\/v2\/types\/product"}],"replies":[{"embeddable":true,"href":"https:\/\/anahianca.com.ar\/index.php?rest_route=%2Fwp%2Fv2%2Fcomments&post=31"}],"wp:featuredmedia":[{"embeddable":true,"href":"https:\/\/anahianca.com.ar\/index.php?rest_route=\/wp\/v2\/media\/59"}],"wp:attachment":[{"href":"https:\/\/anahianca.com.ar\/index.php?rest_route=%2Fwp%2Fv2%2Fmedia&parent=31"}],"wp:term":[{"taxonomy":"product_cat","embeddable":true,"href":"https:\/\/anahianca.com.ar\/index.php?rest_route=%2Fwp%2Fv2%2Fproduct_cat&post=31"},{"taxonomy":"product_tag","embeddable":true,"href":"https:\/\/anahianca.com.ar\/index.php?rest_route=%2Fwp%2Fv2%2Fproduct_tag&post=31"}],"curies":[{"name":"wp","href":"https:\/\/api.w.org\/{rel}","templated":true}]}}