{"id":29,"date":"2024-02-20T17:46:08","date_gmt":"2024-02-20T20:46:08","guid":{"rendered":"https:\/\/anahianca.com.ar\/?post_type=product&#038;p=29"},"modified":"2024-02-21T15:54:51","modified_gmt":"2024-02-21T18:54:51","slug":"introduccion-a-la-asesoria-de-imagen","status":"publish","type":"product","link":"https:\/\/anahianca.com.ar\/?product=introduccion-a-la-asesoria-de-imagen","title":{"rendered":"Introducci\u00f3n a la asesor\u00eda de imagen"},"content":{"rendered":"<p><span style=\"color: #000000;\"><strong>CONCEPTO:<\/strong> <\/span><\/p>\n<p>Sentarse frente al primer cliente es un desaf\u00edo particular. Cientos de dudas y temores se presentan en nosotros y solo la experiencia y el tiempo los van disipando. Sin embargo, algunos tips esenciales hacen que esos primeros encuentros resulten m\u00e1s efectivos y c\u00f3modos, tanto para nosotros como para ese otro que nos contrata confiando en nuestro servicio. Aprend\u00e9 en 8 clases lo necesario para aprovechar efectivamente esas primeras oportunidades y construir as\u00ed una larga carrera profesional.<\/p>\n<p><span style=\"color: #000000;\"><strong>CONTENIDOS:<\/strong> <\/span><b><\/b><\/p>\n<ul>\n<li><span style=\"font-weight: 400;\">Qu\u00e9 es una ficha t\u00e9cnica y para qu\u00e9 sirve<\/span><\/li>\n<li>C\u00f3mo establecer el primer contacto con el cliente<\/li>\n<li>Cl\u00faster<\/li>\n<li>Armado y aplicaci\u00f3n de entrevista<\/li>\n<li>Organizaci\u00f3n de citas y t\u00e9cnicas con el cliente<\/li>\n<li>Armado de bit\u00e1cora<\/li>\n<li>Pricing<\/li>\n<\/ul>\n<p>&nbsp;<\/p>\n<p><b>FORMA DE PAGO:<\/b><\/p>\n<p>El curso se paga al momento de inscribirse y es indispensable para la reserva de la vacante<\/p>\n<ul>\n<li>Internacional: Paypal.<\/li>\n<li>Argentina: MercadoPago o transferencia bancaria.<\/li>\n<\/ul>\n","protected":false},"excerpt":{"rendered":"<p><button style=\"margin-top: 0px; background-color: #12d800; float: left; cursor: default; color: white; border-radius: 10px; font-size: 14px; border: none; padding: 3px 10px 3px 10px;\"><span class=\"parpadea text\"><strong>Curso en Vivo y Directo<\/strong><\/span><\/button><\/p>\n<p>&nbsp;<\/p>\n<p>Duraci\u00f3n: 2 meses<br \/>\n<strong>Matricula 100% bonificada<\/strong><br \/>\n8 clases<br \/>\nClase On-Line con Docente Exclusivo<\/p>\n","protected":false},"featured_media":57,"comment_status":"closed","ping_status":"closed","template":"","meta":{"_joinchat":[]},"product_cat":[19],"product_tag":[],"class_list":{"0":"post-29","1":"product","2":"type-product","3":"status-publish","4":"has-post-thumbnail","6":"product_cat-profesional-de-la-imagen","8":"first","9":"outofstock","10":"virtual","11":"sold-individually","12":"product-type-simple"},"_links":{"self":[{"href":"https:\/\/anahianca.com.ar\/index.php?rest_route=\/wp\/v2\/product\/29"}],"collection":[{"href":"https:\/\/anahianca.com.ar\/index.php?rest_route=\/wp\/v2\/product"}],"about":[{"href":"https:\/\/anahianca.com.ar\/index.php?rest_route=\/wp\/v2\/types\/product"}],"replies":[{"embeddable":true,"href":"https:\/\/anahianca.com.ar\/index.php?rest_route=%2Fwp%2Fv2%2Fcomments&post=29"}],"wp:featuredmedia":[{"embeddable":true,"href":"https:\/\/anahianca.com.ar\/index.php?rest_route=\/wp\/v2\/media\/57"}],"wp:attachment":[{"href":"https:\/\/anahianca.com.ar\/index.php?rest_route=%2Fwp%2Fv2%2Fmedia&parent=29"}],"wp:term":[{"taxonomy":"product_cat","embeddable":true,"href":"https:\/\/anahianca.com.ar\/index.php?rest_route=%2Fwp%2Fv2%2Fproduct_cat&post=29"},{"taxonomy":"product_tag","embeddable":true,"href":"https:\/\/anahianca.com.ar\/index.php?rest_route=%2Fwp%2Fv2%2Fproduct_tag&post=29"}],"curies":[{"name":"wp","href":"https:\/\/api.w.org\/{rel}","templated":true}]}}