{"id":28,"date":"2024-02-20T17:46:08","date_gmt":"2024-02-20T20:46:08","guid":{"rendered":"https:\/\/anahianca.com.ar\/?post_type=product&#038;p=28"},"modified":"2024-02-21T15:54:45","modified_gmt":"2024-02-21T18:54:45","slug":"posado-y-direccion-frente-a-camara-avanzado","status":"publish","type":"product","link":"https:\/\/anahianca.com.ar\/?product=posado-y-direccion-frente-a-camara-avanzado","title":{"rendered":"Posado y direcci\u00f3n frente a c\u00e1mara (Avanzado)"},"content":{"rendered":"<p><b>CONCEPTO: <\/b><\/p>\n<p style=\"font-weight: 400; text-align: justify;\">Pocas cosas est\u00e1n tan presentes en nuestro entorno como las c\u00e1maras. Sin embargo, una buena fotograf\u00eda implica decenas de intentos, invirtiendo un tiempo que no siempre tenemos nosotros o qui\u00e9n est\u00e1 detr\u00e1s de la lente. Entrenarse en posado es una herramienta fundamental para aprovechar cada oportunidad sea cual sea nuestro objetivo, porque una buena imagen p\u00fablica es hoy siempre un primer paso necesario para desarrollarse en cualquier profesi\u00f3n.<\/p>\n<p><b>CONTENIDOS:<\/b><b><br \/>\n<\/b><\/p>\n<ul>\n<li style=\"list-style-type: none;\">\n<ul>\n<li style=\"font-weight: 400;\" aria-level=\"3\"><span style=\"font-weight: 400;\">Reconocimiento del cuerpo como herramienta<\/span><\/li>\n<li style=\"font-weight: 400;\" aria-level=\"3\"><span style=\"font-weight: 400;\">Postura frente a c\u00e1mara y en la vida.<\/span><\/li>\n<li style=\"font-weight: 400;\" aria-level=\"3\"><span style=\"font-weight: 400;\">T\u00e9cnicas de posado individuales y grupales<\/span><\/li>\n<li style=\"font-weight: 400;\" aria-level=\"3\"><span style=\"font-weight: 400;\">Actitud frente a c\u00e1mara<\/span><\/li>\n<li style=\"font-weight: 400;\" aria-level=\"3\"><span style=\"font-weight: 400;\">Interpretaci\u00f3n de personaje<\/span><\/li>\n<li style=\"font-weight: 400;\" aria-level=\"3\"><span style=\"font-weight: 400;\">Tipos de planos fotogr\u00e1ficos<\/span><\/li>\n<li style=\"font-weight: 400;\" aria-level=\"3\"><span style=\"font-weight: 400;\">Tipos de fotograf\u00eda en moda<\/span><\/li>\n<li style=\"font-weight: 400;\" aria-level=\"3\">Pr\u00e1cticas en directo<\/li>\n<\/ul>\n<\/li>\n<\/ul>\n<p><b>FORMA DE PAGO:<\/b><\/p>\n<p>El curso se paga al momento de inscribirse y es indispensable para la reserva de la vacante<\/p>\n<ul>\n<li>Internacional: Paypal.<\/li>\n<li>Argentina: MercadoPago o transferencia bancaria.<\/li>\n<\/ul>\n","protected":false},"excerpt":{"rendered":"<p><button style=\"margin-top: 0px; background-color: #12d800; float: left; cursor: default; color: white; border-radius: 10px; font-size: 14px; border: none; padding: 3px 10px 3px 10px;\"><span class=\"parpadea text\"><strong>Curso en Vivo y Directo<\/strong><\/span><\/button><\/p>\n<p>&nbsp;<\/p>\n<p>Duraci\u00f3n: 2 meses<br \/>\n<strong>Matricula 100% bonificada<\/strong><br \/>\n8 clases.<br \/>\nClase On-Line con Docente Exclusivo<\/p>\n","protected":false},"featured_media":56,"comment_status":"closed","ping_status":"closed","template":"","meta":{"_joinchat":[]},"product_cat":[17],"product_tag":[],"class_list":{"0":"post-28","1":"product","2":"type-product","3":"status-publish","4":"has-post-thumbnail","6":"product_cat-modelo-profesional","8":"first","9":"outofstock","10":"virtual","11":"sold-individually","12":"product-type-simple"},"_links":{"self":[{"href":"https:\/\/anahianca.com.ar\/index.php?rest_route=\/wp\/v2\/product\/28"}],"collection":[{"href":"https:\/\/anahianca.com.ar\/index.php?rest_route=\/wp\/v2\/product"}],"about":[{"href":"https:\/\/anahianca.com.ar\/index.php?rest_route=\/wp\/v2\/types\/product"}],"replies":[{"embeddable":true,"href":"https:\/\/anahianca.com.ar\/index.php?rest_route=%2Fwp%2Fv2%2Fcomments&post=28"}],"wp:featuredmedia":[{"embeddable":true,"href":"https:\/\/anahianca.com.ar\/index.php?rest_route=\/wp\/v2\/media\/56"}],"wp:attachment":[{"href":"https:\/\/anahianca.com.ar\/index.php?rest_route=%2Fwp%2Fv2%2Fmedia&parent=28"}],"wp:term":[{"taxonomy":"product_cat","embeddable":true,"href":"https:\/\/anahianca.com.ar\/index.php?rest_route=%2Fwp%2Fv2%2Fproduct_cat&post=28"},{"taxonomy":"product_tag","embeddable":true,"href":"https:\/\/anahianca.com.ar\/index.php?rest_route=%2Fwp%2Fv2%2Fproduct_tag&post=28"}],"curies":[{"name":"wp","href":"https:\/\/api.w.org\/{rel}","templated":true}]}}