{"id":27,"date":"2024-02-20T17:46:08","date_gmt":"2024-02-20T20:46:08","guid":{"rendered":"https:\/\/anahianca.com.ar\/?post_type=product&#038;p=27"},"modified":"2024-02-20T17:46:24","modified_gmt":"2024-02-20T20:46:24","slug":"introduccion-a-la-expresion-integral-para-modelos-y-no-modelos","status":"publish","type":"product","link":"https:\/\/anahianca.com.ar\/?product=introduccion-a-la-expresion-integral-para-modelos-y-no-modelos","title":{"rendered":"INTRODUCCI\u00d3N A LA EXPRESI\u00d3N INTEGRAL PARA MODELOS Y NO MODELOS"},"content":{"rendered":"<p><b>CONCEPTO:<\/b><\/p>\n<p><b> <\/b><span style=\"font-weight: 400;\">Vivimos hoy una revoluci\u00f3n sin precedentes en la cual la palabra clave es \u201ccomunicaci\u00f3n\u201d. Sin embargo, poco nos ense\u00f1an de c\u00f3mo ser efectivos al momento de comunicar y mucho menos c\u00f3mo hacerlo frente a los distintos tipos de c\u00e1maras, ya sea la de nuestros smartphones o las propias de un estudio fotogr\u00e1fico o de televisi\u00f3n. Aprend\u00e9 en 8 clases c\u00f3mo ser un profesional siempre listo para comunicar, donde quieras y necesites hacerlo.<\/span><\/p>\n<p>&nbsp;<\/p>\n<p><b>CONTENIDOS: <\/b><b><\/b><\/p>\n<ul>\n<li aria-level=\"3\"><span style=\"font-weight: 400;\">La respiraci\u00f3n como canal de la voz.<\/span><\/li>\n<\/ul>\n<ul>\n<li aria-level=\"3\"><span style=\"font-weight: 400;\">Manejo de la voz (tono, timbre, ritmo y volumen).<\/span><\/li>\n<\/ul>\n<ul>\n<li aria-level=\"3\"><span style=\"font-weight: 400;\">La comunicaci\u00f3n no verbal (gestos, posturas corporales).<\/span><\/li>\n<\/ul>\n<ul>\n<li aria-level=\"3\"><span style=\"font-weight: 400;\">Identidad e imagen personal como herramienta del discurso.\u00a0\u00a0\u00a0<\/span><\/li>\n<\/ul>\n<ul>\n<li aria-level=\"3\"><span style=\"font-weight: 400;\">Gesti\u00f3n emocional y del p\u00e1nico esc\u00e9nico.<\/span><\/li>\n<\/ul>\n<ul>\n<li aria-level=\"3\"><span style=\"font-weight: 400;\">Elocuencia y claridad en la exposici\u00f3n de ideas.<\/span><\/li>\n<\/ul>\n<ul>\n<li aria-level=\"3\"><span style=\"font-weight: 400;\">Manejo del tiempo de pregunta, respuesta y silencios.<\/span><\/li>\n<\/ul>\n<ul>\n<li aria-level=\"3\"><span style=\"font-weight: 400;\">Relaci\u00f3n con el equipo en estudio de TV.<\/span><\/li>\n<li aria-level=\"3\"><span style=\"font-weight: 400;\">Pr\u00e1cticas en directo<\/span><\/li>\n<\/ul>\n<ul>\n<li style=\"list-style-type: none;\"><\/li>\n<\/ul>\n","protected":false},"excerpt":{"rendered":"<p><button style=\"float: right; cursor: default; margin-top: -20px; color: #ffffff; border: 0; background-color: #ff7b00; border-radius: 10px; font-size: 14px; padding: 3px 10px 3px 10px;\"><b>Pr\u00f3ximamente<\/b><\/button><br \/>\nDuraci\u00f3n: 2 meses<br \/>\n<strong>Matricula 100% bonificada<\/strong><br \/>\n8 clases<br \/>\nCurso Online<\/p>\n","protected":false},"featured_media":55,"comment_status":"closed","ping_status":"closed","template":"","meta":{"_joinchat":[]},"product_cat":[17],"product_tag":[18],"class_list":{"0":"post-27","1":"product","2":"type-product","3":"status-publish","4":"has-post-thumbnail","6":"product_cat-modelo-profesional","7":"product_tag-proximamente","9":"first","10":"outofstock","11":"virtual","12":"product-type-simple"},"_links":{"self":[{"href":"https:\/\/anahianca.com.ar\/index.php?rest_route=\/wp\/v2\/product\/27"}],"collection":[{"href":"https:\/\/anahianca.com.ar\/index.php?rest_route=\/wp\/v2\/product"}],"about":[{"href":"https:\/\/anahianca.com.ar\/index.php?rest_route=\/wp\/v2\/types\/product"}],"replies":[{"embeddable":true,"href":"https:\/\/anahianca.com.ar\/index.php?rest_route=%2Fwp%2Fv2%2Fcomments&post=27"}],"wp:featuredmedia":[{"embeddable":true,"href":"https:\/\/anahianca.com.ar\/index.php?rest_route=\/wp\/v2\/media\/55"}],"wp:attachment":[{"href":"https:\/\/anahianca.com.ar\/index.php?rest_route=%2Fwp%2Fv2%2Fmedia&parent=27"}],"wp:term":[{"taxonomy":"product_cat","embeddable":true,"href":"https:\/\/anahianca.com.ar\/index.php?rest_route=%2Fwp%2Fv2%2Fproduct_cat&post=27"},{"taxonomy":"product_tag","embeddable":true,"href":"https:\/\/anahianca.com.ar\/index.php?rest_route=%2Fwp%2Fv2%2Fproduct_tag&post=27"}],"curies":[{"name":"wp","href":"https:\/\/api.w.org\/{rel}","templated":true}]}}