{"id":26,"date":"2024-02-20T17:46:08","date_gmt":"2024-02-20T20:46:08","guid":{"rendered":"https:\/\/anahianca.com.ar\/?post_type=product&#038;p=26"},"modified":"2024-02-20T17:46:21","modified_gmt":"2024-02-20T20:46:21","slug":"insercion-al-mundo-laboral-para-modelos","status":"publish","type":"product","link":"https:\/\/anahianca.com.ar\/?product=insercion-al-mundo-laboral-para-modelos","title":{"rendered":"INSERCI\u00d3N AL MUNDO LABORAL PARA MODELOS"},"content":{"rendered":"<p><b>CONCEPTO: <\/b><\/p>\n<p><span style=\"font-weight: 400;\">Dicen que la experiencia viene con los a\u00f1os. Pero al mismo tiempo, \u00e9sta resulta fundamental para lograr nuestros objetivos. En este curso vas a incorporar r\u00e1pidamente todo aquello que necesitas saber para poder gestionar tu profesi\u00f3n de forma eficiente e insertarte r\u00e1pidamente en el mundo laboral, sin necesidad de equivocarte en todo aquello que fallan quienes reci\u00e9n comienzan.<\/span><b><\/b><\/p>\n<p>&nbsp;<\/p>\n<p><b>CONTENIDOS:\u00a0<\/b><\/p>\n<ul>\n<li aria-level=\"3\"><span style=\"font-weight: 400;\">\u00c9tica profesional, contratos, derechos de imagen. Todo lo que debes conocer antes de firmar un contrato.<\/span><\/li>\n<\/ul>\n<ul>\n<li aria-level=\"3\"><span style=\"font-weight: 400;\">Tipos de book y su armado para posicionarte en la industria<\/span><\/li>\n<\/ul>\n<ul>\n<li aria-level=\"3\"><span style=\"font-weight: 400;\">Composite, CV y presentaci\u00f3n a castineras y agencias.\u00a0<\/span><\/li>\n<\/ul>\n<ul>\n<li aria-level=\"3\"><span style=\"font-weight: 400;\">Pr\u00e1cticas en directo<\/span><\/li>\n<\/ul>\n<p>&nbsp;<\/p>\n","protected":false},"excerpt":{"rendered":"<p><button style=\"float: right; cursor: default ;margin-top: -20px; color: #ffffff; border: 0; background-color: rgb(255, 123, 0); padding-top: 3px; padding-bottom: 3px; padding-left: 10px; padding-right: 10px ; border-radius: 10px; font-size: 14px;\"><b>Pr\u00f3ximamente<\/b><\/button><br \/>\nDuraci\u00f3n: 1 mes<br \/>\n<strong>Matricula 100% bonificada<\/strong><br \/>\n4 clases<br \/>\nCurso Online<\/p>\n","protected":false},"featured_media":54,"comment_status":"closed","ping_status":"closed","template":"","meta":{"_joinchat":[]},"product_cat":[17],"product_tag":[18],"class_list":{"0":"post-26","1":"product","2":"type-product","3":"status-publish","4":"has-post-thumbnail","6":"product_cat-modelo-profesional","7":"product_tag-proximamente","9":"first","10":"outofstock","11":"virtual","12":"sold-individually","13":"purchasable","14":"product-type-simple"},"_links":{"self":[{"href":"https:\/\/anahianca.com.ar\/index.php?rest_route=\/wp\/v2\/product\/26"}],"collection":[{"href":"https:\/\/anahianca.com.ar\/index.php?rest_route=\/wp\/v2\/product"}],"about":[{"href":"https:\/\/anahianca.com.ar\/index.php?rest_route=\/wp\/v2\/types\/product"}],"replies":[{"embeddable":true,"href":"https:\/\/anahianca.com.ar\/index.php?rest_route=%2Fwp%2Fv2%2Fcomments&post=26"}],"wp:featuredmedia":[{"embeddable":true,"href":"https:\/\/anahianca.com.ar\/index.php?rest_route=\/wp\/v2\/media\/54"}],"wp:attachment":[{"href":"https:\/\/anahianca.com.ar\/index.php?rest_route=%2Fwp%2Fv2%2Fmedia&parent=26"}],"wp:term":[{"taxonomy":"product_cat","embeddable":true,"href":"https:\/\/anahianca.com.ar\/index.php?rest_route=%2Fwp%2Fv2%2Fproduct_cat&post=26"},{"taxonomy":"product_tag","embeddable":true,"href":"https:\/\/anahianca.com.ar\/index.php?rest_route=%2Fwp%2Fv2%2Fproduct_tag&post=26"}],"curies":[{"name":"wp","href":"https:\/\/api.w.org\/{rel}","templated":true}]}}