{"id":24,"date":"2024-02-20T17:46:08","date_gmt":"2024-02-20T20:46:08","guid":{"rendered":"https:\/\/anahianca.com.ar\/?post_type=product&#038;p=24"},"modified":"2024-02-20T17:46:12","modified_gmt":"2024-02-20T20:46:12","slug":"imagen-en-el-mundo-de-la-moda","status":"publish","type":"product","link":"https:\/\/anahianca.com.ar\/?product=imagen-en-el-mundo-de-la-moda","title":{"rendered":"IMAGEN EN EL MUNDO DE LA MODA"},"content":{"rendered":"<p><b>CONCEPTO: <\/b><\/p>\n<p><span style=\"font-weight: 400;\">La primera impresi\u00f3n es la que cuenta. Pero las posteriores no son menos importantes. Que seas percibido como un profesional y no como un amateur, implica aplicar un conjunto de saberes fundamentales. Aprende en este curso los tips esenciales para aprovechar efectivamente cada oportunidad que se te presente.<\/span><\/p>\n<p><b><\/b><br \/>\n<b><\/b><\/p>\n<p><b>CONTENIDOS:<\/b><\/p>\n<ul>\n<li aria-level=\"3\"><span style=\"font-weight: 400;\">Manejo correcto del vocabulario del mundo de la moda.<\/span><\/li>\n<\/ul>\n<ul>\n<li aria-level=\"3\"><span style=\"font-weight: 400;\">Comunicaci\u00f3n efectiva en redes sociales y la responsabilidad de comunicar.<\/span><\/li>\n<\/ul>\n<ul>\n<li aria-level=\"3\"><span style=\"font-weight: 400;\">Detecci\u00f3n y definici\u00f3n del estilo propio, como explotar tu estilo para marcar tu impronta en distintos eventos de moda.<\/span><\/li>\n<\/ul>\n<ul>\n<li aria-level=\"3\"><span style=\"font-weight: 400;\">Imagen personal del modelo, t\u00e9cnicas para vestir el cuerpo y crear distintas formas a trav\u00e9s de la ilusi\u00f3n \u00f3ptica.<\/span><\/li>\n<\/ul>\n<ul>\n<li style=\"list-style-type: none;\">\n<ul>\n<li style=\"font-weight: 400;\" aria-level=\"3\"><span style=\"font-weight: 400;\">Como marcar la diferencia en un casting mostr\u00e1ndote profesional desde tu imagen.<\/span><\/li>\n<li style=\"font-weight: 400;\" aria-level=\"3\"><span style=\"font-weight: 400;\">Cuidados est\u00e9ticos para que tu piel y cabello siempre est\u00e9n preparados para salir a escena.<\/span><\/li>\n<li style=\"font-weight: 400;\" aria-level=\"3\"><span style=\"font-weight: 400;\">T\u00e9cnicas personalizadas de maquillaje que todo modelo deber\u00eda saber para salvar cualquier situaci\u00f3n y cuales son los indispensables en tu neceser.<\/span><\/li>\n<li style=\"font-weight: 400;\" aria-level=\"3\"><span style=\"font-weight: 400;\">Infaltables para estar siempre listo para un casting.<\/span><\/li>\n<li style=\"font-weight: 400;\" aria-level=\"3\"><span style=\"font-weight: 400;\">Pr\u00e1cticas en directo<\/span><\/li>\n<\/ul>\n<\/li>\n<\/ul>\n","protected":false},"excerpt":{"rendered":"<p><button style=\"float: right; cursor: default ;margin-top: -20px; color: #ffffff; border: 0; background-color: rgb(255, 123, 0); padding-top: 3px; padding-bottom: 3px; padding-left: 10px; padding-right: 10px ; border-radius: 10px; font-size: 14px;\"><b>Pr\u00f3ximamente<\/b><\/button><br \/>\nDuraci\u00f3n: 3 meses<br \/>\n<strong>Matricula 100% bonificada<\/strong><br \/>\n12 clases<br \/>\nCurso Online<\/p>\n","protected":false},"featured_media":52,"comment_status":"closed","ping_status":"closed","template":"","meta":{"_joinchat":[]},"product_cat":[17],"product_tag":[18],"class_list":{"0":"post-24","1":"product","2":"type-product","3":"status-publish","4":"has-post-thumbnail","6":"product_cat-modelo-profesional","7":"product_tag-proximamente","9":"first","10":"outofstock","11":"virtual","12":"sold-individually","13":"purchasable","14":"product-type-simple"},"_links":{"self":[{"href":"https:\/\/anahianca.com.ar\/index.php?rest_route=\/wp\/v2\/product\/24"}],"collection":[{"href":"https:\/\/anahianca.com.ar\/index.php?rest_route=\/wp\/v2\/product"}],"about":[{"href":"https:\/\/anahianca.com.ar\/index.php?rest_route=\/wp\/v2\/types\/product"}],"replies":[{"embeddable":true,"href":"https:\/\/anahianca.com.ar\/index.php?rest_route=%2Fwp%2Fv2%2Fcomments&post=24"}],"wp:featuredmedia":[{"embeddable":true,"href":"https:\/\/anahianca.com.ar\/index.php?rest_route=\/wp\/v2\/media\/52"}],"wp:attachment":[{"href":"https:\/\/anahianca.com.ar\/index.php?rest_route=%2Fwp%2Fv2%2Fmedia&parent=24"}],"wp:term":[{"taxonomy":"product_cat","embeddable":true,"href":"https:\/\/anahianca.com.ar\/index.php?rest_route=%2Fwp%2Fv2%2Fproduct_cat&post=24"},{"taxonomy":"product_tag","embeddable":true,"href":"https:\/\/anahianca.com.ar\/index.php?rest_route=%2Fwp%2Fv2%2Fproduct_tag&post=24"}],"curies":[{"name":"wp","href":"https:\/\/api.w.org\/{rel}","templated":true}]}}